{"id":15997,"date":"2022-04-28T13:58:03","date_gmt":"2022-04-28T11:58:03","guid":{"rendered":"https:\/\/www.plasto.ee\/tarjous-alkaen\/"},"modified":"2026-01-14T11:52:31","modified_gmt":"2026-01-14T09:52:31","slug":"tarjous-alkaen","status":"publish","type":"page","link":"https:\/\/www.plasto.ee\/fi\/tarjous-alkaen\/","title":{"rendered":"Tarjous alkaen"},"content":{"rendered":"<style>.elementor-15997 .elementor-element.elementor-element-df913a9 > .elementor-container{max-width:1340px;}.elementor-15997 .elementor-element.elementor-element-df913a9 > .elementor-background-overlay{background-color:transparent;background-image:linear-gradient(250deg, #F4F5F500 0%, var( --e-global-color-secondary ) 70%);opacity:0.69;transition:background 0.3s, border-radius 0.3s, opacity 0.3s;}.elementor-15997 .elementor-element.elementor-element-df913a9{transition:background 0.3s, border 0.3s, border-radius 0.3s, box-shadow 0.3s;margin-top:-134px;margin-bottom:0px;padding:170px 30px 050px 30px;}.elementor-15997 .elementor-element.elementor-element-8c3e2ed.elementor-column > .elementor-widget-wrap{justify-content:center;}.elementor-15997 .elementor-element.elementor-element-8c3e2ed > .elementor-element-populated{margin:0% 0% 0% 0%;--e-column-margin-right:0%;--e-column-margin-left:0%;}.elementor-15997 .elementor-element.elementor-element-0d3988b{text-align:start;}.elementor-15997 .elementor-element.elementor-element-0d3988b .elementor-heading-title{font-family:\"Montserrat\", Sans-serif;font-size:35px;font-weight:600;line-height:1.3em;letter-spacing:1px;color:var( --e-global-color-accent );}.elementor-15997 .elementor-element.elementor-element-23b6307 > .elementor-container{max-width:1340px;}.elementor-15997 .elementor-element.elementor-element-23b6307 > .elementor-background-overlay{opacity:0.5;transition:background 0.3s, border-radius 0.3s, opacity 0.3s;}.elementor-15997 .elementor-element.elementor-element-23b6307{transition:background 0.3s, border 0.3s, border-radius 0.3s, box-shadow 0.3s;padding:90px 030px 90px 30px;}.elementor-15997 .elementor-element.elementor-element-488579e{transition:background 0.3s, border 0.3s, border-radius 0.3s, box-shadow 0.3s;margin-top:0px;margin-bottom:0px;padding:0px 0px 0px 0px;}.elementor-15997 .elementor-element.elementor-element-488579e > .elementor-background-overlay{transition:background 0.3s, border-radius 0.3s, opacity 0.3s;}.elementor-15997 .elementor-element.elementor-element-aeec08f > .elementor-element-populated{transition:background 0.3s, border 0.3s, border-radius 0.3s, box-shadow 0.3s;margin:0px 0px 0px 0px;--e-column-margin-right:0px;--e-column-margin-left:0px;padding:30px 25px 30px 0px;}.elementor-15997 .elementor-element.elementor-element-aeec08f > .elementor-element-populated > .elementor-background-overlay{transition:background 0.3s, border-radius 0.3s, opacity 0.3s;}.elementor-15997 .elementor-element.elementor-element-aeec08f{z-index:1;}.elementor-15997 .elementor-element.elementor-element-1f2ef6d .elementor-heading-title{font-family:\"Montserrat\", Sans-serif;font-size:26px;font-weight:600;text-transform:uppercase;line-height:36px;letter-spacing:2.1px;}.elementor-15997 .elementor-element.elementor-element-1f2ef6d > .elementor-widget-container{padding:0px 0px 0px 0px;}.elementor-15997 .elementor-element.elementor-element-1f2ef6d{z-index:1;}.elementor-15997 .elementor-element.elementor-element-0a4da48{text-align:start;font-family:\"Montserrat\", Sans-serif;font-size:16px;line-height:36px;}.elementor-15997 .elementor-element.elementor-element-0a4da48 > .elementor-widget-container{margin:0px 0px 0px 0px;padding:0px 0px 0px 0px;}.elementor-15997 .elementor-element.elementor-element-2aaef80 .elementor-heading-title{font-family:\"Montserrat\", Sans-serif;font-size:20px;font-weight:600;text-transform:none;line-height:36px;letter-spacing:2.1px;}.elementor-15997 .elementor-element.elementor-element-2aaef80 > .elementor-widget-container{margin:0px 0px 0px 0px;padding:0px 0px 0px 0px;}.elementor-15997 .elementor-element.elementor-element-2aaef80{z-index:1;}.elementor-15997 .elementor-element.elementor-element-e2b0d33{text-align:start;font-family:\"Montserrat\", Sans-serif;font-size:16px;line-height:36px;}.elementor-15997 .elementor-element.elementor-element-e2b0d33 > .elementor-widget-container{margin:0px 0px 0px 0px;padding:0px 0px 0px 0px;}.elementor-15997 .elementor-element.elementor-element-c365b51 .elementor-button{font-family:\"Montserrat\", Sans-serif;font-size:16px;font-weight:500;text-transform:uppercase;background-color:var( --e-global-color-2a9ec42 );box-shadow:0px 3px 10px 0px rgba(0,0,0,0.5);}.elementor-15997 .elementor-element.elementor-element-c365b51 > .elementor-widget-container{padding:10px 0px 0px 0px;}@media(max-width:1024px){.elementor-15997 .elementor-element.elementor-element-df913a9{padding:180px 10px 85px 18px;}.elementor-15997 .elementor-element.elementor-element-8c3e2ed > .elementor-element-populated{margin:0% 50% 0% 0%;--e-column-margin-right:50%;--e-column-margin-left:0%;}.elementor-15997 .elementor-element.elementor-element-23b6307{padding:30px 0px 60px 18px;}}@media(max-width:767px){.elementor-15997 .elementor-element.elementor-element-df913a9{margin-top:-137px;margin-bottom:0px;padding:170px 10px 80px 10px;}.elementor-15997 .elementor-element.elementor-element-8c3e2ed > .elementor-element-populated{margin:0px 0px 0px 0px;--e-column-margin-right:0px;--e-column-margin-left:0px;}.elementor-15997 .elementor-element.elementor-element-0d3988b{text-align:center;}.elementor-15997 .elementor-element.elementor-element-0d3988b .elementor-heading-title{font-size:30px;}.elementor-15997 .elementor-element.elementor-element-23b6307{padding:50px 20px 100px 20px;}.elementor-15997 .elementor-element.elementor-element-488579e{margin-top:0px;margin-bottom:0px;padding:0px 0px 0px 0px;}.elementor-15997 .elementor-element.elementor-element-aeec08f > .elementor-element-populated{margin:0px 0px 30px 0px;--e-column-margin-right:0px;--e-column-margin-left:0px;padding:0px 0px 0px 0px;}.elementor-15997 .elementor-element.elementor-element-1f2ef6d{text-align:center;}.elementor-15997 .elementor-element.elementor-element-1f2ef6d .elementor-heading-title{font-size:20px;}.elementor-15997 .elementor-element.elementor-element-1f2ef6d > .elementor-widget-container{margin:0px 0px 0px 0px;padding:0px 0px 0px 0px;}.elementor-15997 .elementor-element.elementor-element-0a4da48{text-align:center;}.elementor-15997 .elementor-element.elementor-element-2aaef80{text-align:center;}.elementor-15997 .elementor-element.elementor-element-e2b0d33{text-align:center;}}\/* Start custom CSS for text-editor, class: .elementor-element-e2b0d33 *\/.elementor-15997 .elementor-element.elementor-element-e2b0d33 a{\n    color: #07B5DA;\n}\/* End custom CSS *\/\n\/* Start custom CSS for button, class: .elementor-element-c365b51 *\/.elementor-15997 .elementor-element.elementor-element-c365b51 a{\n    transition: all .5s ease;\n    \n}\n\n.elementor-15997 .elementor-element.elementor-element-c365b51 a:hover {\n   box-shadow: -1px 15px 22px -5px rgba(0,110,146,0.75);\n-webkit-box-shadow: -1px 15px 22px -5px rgba(0,110,146,0.75);\n-moz-box-shadow: -1px 15px 22px -5px rgba(0,110,146,0.75);\n}\/* End custom CSS *\/<\/style>\t\t<div data-elementor-type=\"wp-page\" data-elementor-id=\"15997\" class=\"elementor elementor-15997 elementor-390\" data-elementor-post-type=\"page\">\n\t\t\t\t\t\t<section class=\"elementor-section elementor-top-section elementor-element elementor-element-df913a9 elementor-section-boxed elementor-section-height-default elementor-section-height-default\" data-id=\"df913a9\" data-element_type=\"section\" data-e-type=\"section\" data-settings=\"{&quot;background_background&quot;:&quot;slideshow&quot;,&quot;background_slideshow_gallery&quot;:[{&quot;id&quot;:15911,&quot;url&quot;:&quot;https:\\\/\\\/www.plasto.ee\\\/wp-content\\\/uploads\\\/2022\\\/07\\\/istockphoto-928764762-170667a-1.jpg&quot;},{&quot;id&quot;:3679,&quot;url&quot;:&quot;http:\\\/\\\/www.plasto.ee\\\/wp-content\\\/uploads\\\/2022\\\/07\\\/istockphoto-928764762-170667a.jpg&quot;}],&quot;background_slideshow_ken_burns&quot;:&quot;yes&quot;,&quot;background_slideshow_loop&quot;:&quot;yes&quot;,&quot;background_slideshow_slide_duration&quot;:5000,&quot;background_slideshow_slide_transition&quot;:&quot;fade&quot;,&quot;background_slideshow_transition_duration&quot;:500,&quot;background_slideshow_ken_burns_zoom_direction&quot;:&quot;in&quot;,&quot;background_motion_fx_devices&quot;:[&quot;desktop&quot;,&quot;tablet&quot;,&quot;mobile&quot;]}\">\n\t\t\t\t\t\t\t<div class=\"elementor-background-overlay\"><\/div>\n\t\t\t\t\t\t\t<div class=\"elementor-container elementor-column-gap-default\">\n\t\t\t\t\t<div class=\"elementor-column elementor-col-100 elementor-top-column elementor-element elementor-element-8c3e2ed\" data-id=\"8c3e2ed\" data-element_type=\"column\" data-e-type=\"column\">\n\t\t\t<div class=\"elementor-widget-wrap elementor-element-populated\">\n\t\t\t\t\t\t<div class=\"elementor-element elementor-element-0d3988b elementor-invisible elementor-widget elementor-widget-heading\" data-id=\"0d3988b\" data-element_type=\"widget\" data-e-type=\"widget\" data-settings=\"{&quot;_animation&quot;:&quot;fadeInLeft&quot;}\" data-widget_type=\"heading.default\">\n\t\t\t\t<div class=\"elementor-widget-container\">\n\t\t\t\t\t<h1 class=\"elementor-heading-title elementor-size-default\">Hintatiedustelu<\/h1>\t\t\t\t<\/div>\n\t\t\t\t<\/div>\n\t\t\t\t\t<\/div>\n\t\t<\/div>\n\t\t\t\t\t<\/div>\n\t\t<\/section>\n\t\t\t\t<section class=\"elementor-section elementor-top-section elementor-element elementor-element-23b6307 elementor-section-boxed elementor-section-height-default elementor-section-height-default\" data-id=\"23b6307\" data-element_type=\"section\" data-e-type=\"section\" data-settings=\"{&quot;background_background&quot;:&quot;classic&quot;}\">\n\t\t\t\t\t\t\t<div class=\"elementor-background-overlay\"><\/div>\n\t\t\t\t\t\t\t<div class=\"elementor-container elementor-column-gap-default\">\n\t\t\t\t\t<div class=\"elementor-column elementor-col-100 elementor-top-column elementor-element elementor-element-9ced1d5\" data-id=\"9ced1d5\" data-element_type=\"column\" data-e-type=\"column\">\n\t\t\t<div class=\"elementor-widget-wrap elementor-element-populated\">\n\t\t\t\t\t\t<div class=\"elementor-element elementor-element-c0db035 elementor-widget elementor-widget-image\" data-id=\"c0db035\" data-element_type=\"widget\" data-e-type=\"widget\" data-widget_type=\"image.default\">\n\t\t\t\t<div class=\"elementor-widget-container\">\n\t\t\t\t\t\t\t\t\t\t\t\t\t\t\t<img fetchpriority=\"high\" decoding=\"async\" width=\"800\" height=\"306\" src=\"https:\/\/www.plasto.ee\/wp-content\/uploads\/2025\/10\/Plasto_jarelmaks_1700\u00d7650-2-1024x392.jpg\" class=\"attachment-large size-large wp-image-15461\" alt=\"\" srcset=\"https:\/\/www.plasto.ee\/wp-content\/uploads\/2025\/10\/Plasto_jarelmaks_1700\u00d7650-2-1024x392.jpg 1024w, https:\/\/www.plasto.ee\/wp-content\/uploads\/2025\/10\/Plasto_jarelmaks_1700\u00d7650-2-300x115.jpg 300w, https:\/\/www.plasto.ee\/wp-content\/uploads\/2025\/10\/Plasto_jarelmaks_1700\u00d7650-2-768x294.jpg 768w, https:\/\/www.plasto.ee\/wp-content\/uploads\/2025\/10\/Plasto_jarelmaks_1700\u00d7650-2-1536x587.jpg 1536w, https:\/\/www.plasto.ee\/wp-content\/uploads\/2025\/10\/Plasto_jarelmaks_1700\u00d7650-2.jpg 1700w\" sizes=\"(max-width: 800px) 100vw, 800px\" \/>\t\t\t\t\t\t\t\t\t\t\t\t\t\t\t<\/div>\n\t\t\t\t<\/div>\n\t\t\t\t<section class=\"elementor-section elementor-inner-section elementor-element elementor-element-488579e elementor-section-full_width animated-slow elementor-section-height-default elementor-section-height-default elementor-invisible\" data-id=\"488579e\" data-element_type=\"section\" data-e-type=\"section\" data-settings=\"{&quot;background_background&quot;:&quot;classic&quot;,&quot;animation&quot;:&quot;fadeIn&quot;}\">\n\t\t\t\t\t\t<div class=\"elementor-container elementor-column-gap-default\">\n\t\t\t\t\t<div class=\"elementor-column elementor-col-100 elementor-inner-column elementor-element elementor-element-aeec08f\" data-id=\"aeec08f\" data-element_type=\"column\" data-e-type=\"column\" data-settings=\"{&quot;background_background&quot;:&quot;classic&quot;}\">\n\t\t\t<div class=\"elementor-widget-wrap elementor-element-populated\">\n\t\t\t\t\t\t<div class=\"elementor-element elementor-element-1f2ef6d elementor-invisible elementor-widget elementor-widget-heading\" data-id=\"1f2ef6d\" data-element_type=\"widget\" data-e-type=\"widget\" data-settings=\"{&quot;_animation&quot;:&quot;fadeInDown&quot;}\" data-widget_type=\"heading.default\">\n\t\t\t\t<div class=\"elementor-widget-container\">\n\t\t\t\t\t<h5 class=\"elementor-heading-title elementor-size-default\">MITEN TILATA PLASTOIKKUNAT JA -OVET?<\/h5>\t\t\t\t<\/div>\n\t\t\t\t<\/div>\n\t\t\t\t<div class=\"elementor-element elementor-element-0a4da48 elementor-invisible elementor-widget elementor-widget-text-editor\" data-id=\"0a4da48\" data-element_type=\"widget\" data-e-type=\"widget\" data-settings=\"{&quot;_animation&quot;:&quot;fadeIn&quot;}\" data-widget_type=\"text-editor.default\">\n\t\t\t\t<div class=\"elementor-widget-container\">\n\t\t\t\t\t\t\t\t\t<p>Ikkunoita tilattaessa kannattaa aloittaa ikkunoiden mittaamisesta. Jos haluat antaa ikkunoiden mittauksen ammattilaisen teht\u00e4v\u00e4ksi, soita numeroon (+372) <strong>622 1500<\/strong>. <\/p>\t\t\t\t\t\t\t\t<\/div>\n\t\t\t\t<\/div>\n\t\t\t\t<div class=\"elementor-element elementor-element-2aaef80 elementor-invisible elementor-widget elementor-widget-heading\" data-id=\"2aaef80\" data-element_type=\"widget\" data-e-type=\"widget\" data-settings=\"{&quot;_animation&quot;:&quot;fadeInDown&quot;}\" data-widget_type=\"heading.default\">\n\t\t\t\t<div class=\"elementor-widget-container\">\n\t\t\t\t\t<h5 class=\"elementor-heading-title elementor-size-default\">AS Plasto tarjoaa sinulle kaksi vaihtoehtoa ostosten tekemiseen:<\/h5>\t\t\t\t<\/div>\n\t\t\t\t<\/div>\n\t\t\t\t<div class=\"elementor-element elementor-element-e2b0d33 elementor-invisible elementor-widget elementor-widget-text-editor\" data-id=\"e2b0d33\" data-element_type=\"widget\" data-e-type=\"widget\" data-settings=\"{&quot;_animation&quot;:&quot;fadeIn&quot;}\" data-widget_type=\"text-editor.default\">\n\t\t\t\t<div class=\"elementor-widget-container\">\n\t\t\t\t\t\t\t\t\t<p>1. Yksinkertaisin ikkuna- tai oviratkaisu tilataan nopeimmin ja edullisimmin AS Plaston verkkokaupasta. T\u00e4t\u00e4 varten sinun on ment\u00e4v\u00e4 AS Plaston verkkokauppaan: <a href=\"https:\/\/aknapood.ee\/e-pood\/\" style=\"color: #07b5da;\">www.aknapood.ee<\/a>. <\/p><p>2. Monimutkaisempia ratkaisuja varten t\u00e4yt\u00e4 tarkempi hintapyynt\u00f6lomake (saatavilla <a href=\"http:\/\/www.plasto.ee\/paring\/\">osoitteessa http:\/\/www.plasto.ee\/paring\/<\/a> tai ota yhteytt\u00e4 l\u00e4himp\u00e4\u00e4n Plaston toimipisteeseen. L\u00f6yd\u00e4t l\u00e4himm\u00e4n <a title=\"www.plasto.ee\/esindused\" style=\"color: #07b5da;\" href=\"http:\/\/www.plasto.ee\/esindused\">Plaston toimiston osoitteesta www.plasto.ee\/esindused.<\/a> <\/p><p>Kun tartut tarjoukseen, voit tilata AS Plastolta my\u00f6s asennuspalveluja. Kun tilaat AS Plaston sertifioidun asennuksen, kaikilla tuotteilla on 5 vuoden takuu ja asennuksella 2 vuoden takuu. Jos asennat ikkunat itse tai teet\u00e4t ty\u00f6n kolmannella osapuolella, ikkunoiden takuu on voimassa vain 5 vuotta.  <\/p><p>Hyv\u00e4\u00e4 tilausta!<\/p>\t\t\t\t\t\t\t\t<\/div>\n\t\t\t\t<\/div>\n\t\t\t\t<div class=\"elementor-element elementor-element-c365b51 animated-slow elementor-align-center elementor-invisible elementor-widget elementor-widget-button\" data-id=\"c365b51\" data-element_type=\"widget\" data-e-type=\"widget\" data-settings=\"{&quot;_animation&quot;:&quot;fadeIn&quot;}\" data-widget_type=\"button.default\">\n\t\t\t\t<div class=\"elementor-widget-container\">\n\t\t\t\t\t\t\t\t\t<div class=\"elementor-button-wrapper\">\n\t\t\t\t\t<a class=\"elementor-button elementor-button-link elementor-size-lg elementor-animation-float\" href=\"https:\/\/www.plasto.ee\/paring\/\">\n\t\t\t\t\t\t<span class=\"elementor-button-content-wrapper\">\n\t\t\t\t\t\t\t\t\t<span class=\"elementor-button-text\">L\u00e4het\u00e4 tarjouspyynt\u00f6<\/span>\n\t\t\t\t\t<\/span>\n\t\t\t\t\t<\/a>\n\t\t\t\t<\/div>\n\t\t\t\t\t\t\t\t<\/div>\n\t\t\t\t<\/div>\n\t\t\t\t\t<\/div>\n\t\t<\/div>\n\t\t\t\t\t<\/div>\n\t\t<\/section>\n\t\t\t\t\t<\/div>\n\t\t<\/div>\n\t\t\t\t\t<\/div>\n\t\t<\/section>\n\t\t\t\t<\/div>\n\t\t","protected":false},"excerpt":{"rendered":"<p>Hintatiedustelu MITEN TILATA PLASTOIKKUNAT JA -OVET? Ikkunoita tilattaessa kannattaa aloittaa ikkunoiden mittaamisesta. Jos haluat antaa ikkunoiden mittauksen ammattilaisen teht\u00e4v\u00e4ksi, soita numeroon (+372) 622 1500. AS Plasto tarjoaa sinulle kaksi vaihtoehtoa ostosten tekemiseen: 1. Yksinkertaisin ikkuna- tai oviratkaisu tilataan nopeimmin ja edullisimmin AS Plaston verkkokaupasta. T\u00e4t\u00e4 varten sinun on ment\u00e4v\u00e4 AS Plaston verkkokauppaan: www.aknapood.ee. 2. Monimutkaisempia [&hellip;]<\/p>\n","protected":false},"author":1,"featured_media":0,"parent":0,"menu_order":0,"comment_status":"closed","ping_status":"closed","template":"elementor_header_footer","meta":{"footnotes":""},"class_list":["post-15997","page","type-page","status-publish","hentry"],"yoast_head":"<!-- This site is optimized with the Yoast SEO plugin v27.4 - https:\/\/yoast.com\/product\/yoast-seo-wordpress\/ -->\n<title>Tarjous alkaen - Plasto<\/title>\n<meta name=\"robots\" content=\"index, follow, max-snippet:-1, max-image-preview:large, max-video-preview:-1\" \/>\n<link rel=\"canonical\" href=\"https:\/\/www.plasto.ee\/fi\/tarjous-alkaen\/\" \/>\n<meta property=\"og:locale\" content=\"fi_FI\" \/>\n<meta property=\"og:type\" content=\"article\" \/>\n<meta property=\"og:title\" content=\"Tarjous alkaen - Plasto\" \/>\n<meta property=\"og:description\" content=\"Hintatiedustelu MITEN TILATA PLASTOIKKUNAT JA -OVET? Ikkunoita tilattaessa kannattaa aloittaa ikkunoiden mittaamisesta. Jos haluat antaa ikkunoiden mittauksen ammattilaisen teht\u00e4v\u00e4ksi, soita numeroon (+372) 622 1500. AS Plasto tarjoaa sinulle kaksi vaihtoehtoa ostosten tekemiseen: 1. Yksinkertaisin ikkuna- tai oviratkaisu tilataan nopeimmin ja edullisimmin AS Plaston verkkokaupasta. T\u00e4t\u00e4 varten sinun on ment\u00e4v\u00e4 AS Plaston verkkokauppaan: www.aknapood.ee. 2. Monimutkaisempia [&hellip;]\" \/>\n<meta property=\"og:url\" content=\"https:\/\/www.plasto.ee\/fi\/tarjous-alkaen\/\" \/>\n<meta property=\"og:site_name\" content=\"Plasto\" \/>\n<meta property=\"article:modified_time\" content=\"2026-01-14T09:52:31+00:00\" \/>\n<meta property=\"og:image\" content=\"https:\/\/www.plasto.ee\/wp-content\/uploads\/2023\/03\/logo-plasto-1.png\" \/>\n\t<meta property=\"og:image:width\" content=\"793\" \/>\n\t<meta property=\"og:image:height\" content=\"189\" \/>\n\t<meta property=\"og:image:type\" content=\"image\/png\" \/>\n<meta name=\"twitter:card\" content=\"summary_large_image\" \/>\n<meta name=\"twitter:label1\" content=\"Arvioitu lukuaika\" \/>\n\t<meta name=\"twitter:data1\" content=\"1 minuutti\" \/>\n<script type=\"application\/ld+json\" class=\"yoast-schema-graph\">{\"@context\":\"https:\\\/\\\/schema.org\",\"@graph\":[{\"@type\":\"WebPage\",\"@id\":\"https:\\\/\\\/www.plasto.ee\\\/fi\\\/tarjous-alkaen\\\/\",\"url\":\"https:\\\/\\\/www.plasto.ee\\\/fi\\\/tarjous-alkaen\\\/\",\"name\":\"Tarjous alkaen - Plasto\",\"isPartOf\":{\"@id\":\"https:\\\/\\\/www.plasto.ee\\\/fi\\\/#website\"},\"datePublished\":\"2022-04-28T11:58:03+00:00\",\"dateModified\":\"2026-01-14T09:52:31+00:00\",\"breadcrumb\":{\"@id\":\"https:\\\/\\\/www.plasto.ee\\\/fi\\\/tarjous-alkaen\\\/#breadcrumb\"},\"inLanguage\":\"fi\",\"potentialAction\":[{\"@type\":\"ReadAction\",\"target\":[\"https:\\\/\\\/www.plasto.ee\\\/fi\\\/tarjous-alkaen\\\/\"]}]},{\"@type\":\"BreadcrumbList\",\"@id\":\"https:\\\/\\\/www.plasto.ee\\\/fi\\\/tarjous-alkaen\\\/#breadcrumb\",\"itemListElement\":[{\"@type\":\"ListItem\",\"position\":1,\"name\":\"Home\",\"item\":\"https:\\\/\\\/www.plasto.ee\\\/fi\\\/\"},{\"@type\":\"ListItem\",\"position\":2,\"name\":\"Tarjous alkaen\"}]},{\"@type\":\"WebSite\",\"@id\":\"https:\\\/\\\/www.plasto.ee\\\/fi\\\/#website\",\"url\":\"https:\\\/\\\/www.plasto.ee\\\/fi\\\/\",\"name\":\"Plasto\",\"description\":\"Plasto aknad ja uksed\",\"publisher\":{\"@id\":\"https:\\\/\\\/www.plasto.ee\\\/fi\\\/#organization\"},\"potentialAction\":[{\"@type\":\"SearchAction\",\"target\":{\"@type\":\"EntryPoint\",\"urlTemplate\":\"https:\\\/\\\/www.plasto.ee\\\/fi\\\/?s={search_term_string}\"},\"query-input\":{\"@type\":\"PropertyValueSpecification\",\"valueRequired\":true,\"valueName\":\"search_term_string\"}}],\"inLanguage\":\"fi\"},{\"@type\":\"Organization\",\"@id\":\"https:\\\/\\\/www.plasto.ee\\\/fi\\\/#organization\",\"name\":\"Plasto\",\"url\":\"https:\\\/\\\/www.plasto.ee\\\/fi\\\/\",\"logo\":{\"@type\":\"ImageObject\",\"inLanguage\":\"fi\",\"@id\":\"https:\\\/\\\/www.plasto.ee\\\/fi\\\/#\\\/schema\\\/logo\\\/image\\\/\",\"url\":\"http:\\\/\\\/www.plasto.ee\\\/wp-content\\\/uploads\\\/2023\\\/03\\\/logo-plasto-1.png\",\"contentUrl\":\"http:\\\/\\\/www.plasto.ee\\\/wp-content\\\/uploads\\\/2023\\\/03\\\/logo-plasto-1.png\",\"width\":793,\"height\":189,\"caption\":\"Plasto\"},\"image\":{\"@id\":\"https:\\\/\\\/www.plasto.ee\\\/fi\\\/#\\\/schema\\\/logo\\\/image\\\/\"}}]}<\/script>\n<!-- \/ Yoast SEO plugin. -->","yoast_head_json":{"title":"Tarjous alkaen - Plasto","robots":{"index":"index","follow":"follow","max-snippet":"max-snippet:-1","max-image-preview":"max-image-preview:large","max-video-preview":"max-video-preview:-1"},"canonical":"https:\/\/www.plasto.ee\/fi\/tarjous-alkaen\/","og_locale":"fi_FI","og_type":"article","og_title":"Tarjous alkaen - Plasto","og_description":"Hintatiedustelu MITEN TILATA PLASTOIKKUNAT JA -OVET? Ikkunoita tilattaessa kannattaa aloittaa ikkunoiden mittaamisesta. Jos haluat antaa ikkunoiden mittauksen ammattilaisen teht\u00e4v\u00e4ksi, soita numeroon (+372) 622 1500. AS Plasto tarjoaa sinulle kaksi vaihtoehtoa ostosten tekemiseen: 1. Yksinkertaisin ikkuna- tai oviratkaisu tilataan nopeimmin ja edullisimmin AS Plaston verkkokaupasta. T\u00e4t\u00e4 varten sinun on ment\u00e4v\u00e4 AS Plaston verkkokauppaan: www.aknapood.ee. 2. Monimutkaisempia [&hellip;]","og_url":"https:\/\/www.plasto.ee\/fi\/tarjous-alkaen\/","og_site_name":"Plasto","article_modified_time":"2026-01-14T09:52:31+00:00","og_image":[{"width":793,"height":189,"url":"https:\/\/www.plasto.ee\/wp-content\/uploads\/2023\/03\/logo-plasto-1.png","type":"image\/png"}],"twitter_card":"summary_large_image","twitter_misc":{"Arvioitu lukuaika":"1 minuutti"},"schema":{"@context":"https:\/\/schema.org","@graph":[{"@type":"WebPage","@id":"https:\/\/www.plasto.ee\/fi\/tarjous-alkaen\/","url":"https:\/\/www.plasto.ee\/fi\/tarjous-alkaen\/","name":"Tarjous alkaen - Plasto","isPartOf":{"@id":"https:\/\/www.plasto.ee\/fi\/#website"},"datePublished":"2022-04-28T11:58:03+00:00","dateModified":"2026-01-14T09:52:31+00:00","breadcrumb":{"@id":"https:\/\/www.plasto.ee\/fi\/tarjous-alkaen\/#breadcrumb"},"inLanguage":"fi","potentialAction":[{"@type":"ReadAction","target":["https:\/\/www.plasto.ee\/fi\/tarjous-alkaen\/"]}]},{"@type":"BreadcrumbList","@id":"https:\/\/www.plasto.ee\/fi\/tarjous-alkaen\/#breadcrumb","itemListElement":[{"@type":"ListItem","position":1,"name":"Home","item":"https:\/\/www.plasto.ee\/fi\/"},{"@type":"ListItem","position":2,"name":"Tarjous alkaen"}]},{"@type":"WebSite","@id":"https:\/\/www.plasto.ee\/fi\/#website","url":"https:\/\/www.plasto.ee\/fi\/","name":"Plasto","description":"Plasto aknad ja uksed","publisher":{"@id":"https:\/\/www.plasto.ee\/fi\/#organization"},"potentialAction":[{"@type":"SearchAction","target":{"@type":"EntryPoint","urlTemplate":"https:\/\/www.plasto.ee\/fi\/?s={search_term_string}"},"query-input":{"@type":"PropertyValueSpecification","valueRequired":true,"valueName":"search_term_string"}}],"inLanguage":"fi"},{"@type":"Organization","@id":"https:\/\/www.plasto.ee\/fi\/#organization","name":"Plasto","url":"https:\/\/www.plasto.ee\/fi\/","logo":{"@type":"ImageObject","inLanguage":"fi","@id":"https:\/\/www.plasto.ee\/fi\/#\/schema\/logo\/image\/","url":"http:\/\/www.plasto.ee\/wp-content\/uploads\/2023\/03\/logo-plasto-1.png","contentUrl":"http:\/\/www.plasto.ee\/wp-content\/uploads\/2023\/03\/logo-plasto-1.png","width":793,"height":189,"caption":"Plasto"},"image":{"@id":"https:\/\/www.plasto.ee\/fi\/#\/schema\/logo\/image\/"}}]}},"_links":{"self":[{"href":"https:\/\/www.plasto.ee\/fi\/wp-json\/wp\/v2\/pages\/15997","targetHints":{"allow":["GET"]}}],"collection":[{"href":"https:\/\/www.plasto.ee\/fi\/wp-json\/wp\/v2\/pages"}],"about":[{"href":"https:\/\/www.plasto.ee\/fi\/wp-json\/wp\/v2\/types\/page"}],"author":[{"embeddable":true,"href":"https:\/\/www.plasto.ee\/fi\/wp-json\/wp\/v2\/users\/1"}],"replies":[{"embeddable":true,"href":"https:\/\/www.plasto.ee\/fi\/wp-json\/wp\/v2\/comments?post=15997"}],"version-history":[{"count":1,"href":"https:\/\/www.plasto.ee\/fi\/wp-json\/wp\/v2\/pages\/15997\/revisions"}],"predecessor-version":[{"id":15998,"href":"https:\/\/www.plasto.ee\/fi\/wp-json\/wp\/v2\/pages\/15997\/revisions\/15998"}],"wp:attachment":[{"href":"https:\/\/www.plasto.ee\/fi\/wp-json\/wp\/v2\/media?parent=15997"}],"curies":[{"name":"wp","href":"https:\/\/api.w.org\/{rel}","templated":true}]}}