{"id":5135,"date":"2022-07-05T14:14:09","date_gmt":"2022-07-05T14:14:09","guid":{"rendered":"http:\/\/www.plasto.ee\/special-feature\/"},"modified":"2023-02-20T12:04:36","modified_gmt":"2023-02-20T12:04:36","slug":"special-feature","status":"publish","type":"page","link":"https:\/\/www.plasto.ee\/en\/request\/special-feature\/","title":{"rendered":"Special feature"},"content":{"rendered":"\t\t<div data-elementor-type=\"wp-page\" data-elementor-id=\"5135\" class=\"elementor elementor-5135 elementor-3108\" data-elementor-post-type=\"page\">\n\t\t\t\t\t\t<section class=\"elementor-section elementor-top-section elementor-element elementor-element-e980f8a elementor-section-boxed elementor-section-height-default elementor-section-height-default\" data-id=\"e980f8a\" data-element_type=\"section\" data-e-type=\"section\" data-settings=\"{&quot;background_background&quot;:&quot;slideshow&quot;,&quot;background_slideshow_gallery&quot;:[{&quot;id&quot;:197,&quot;url&quot;:&quot;http:\\\/\\\/www.plasto.ee\\\/wp-content\\\/uploads\\\/2022\\\/04\\\/view-of-blue-windows-in-a-skyscraper-2021-08-29-09-54-01-utc-1.jpg&quot;},{&quot;id&quot;:664,&quot;url&quot;:&quot;http:\\\/\\\/www.plasto.ee\\\/wp-content\\\/uploads\\\/2022\\\/04\\\/view-of-blue-windows-in-a-skyscraper-2021-08-29-09-54-01-utc-1-1.jpg&quot;}],&quot;background_slideshow_ken_burns&quot;:&quot;yes&quot;,&quot;background_slideshow_loop&quot;:&quot;yes&quot;,&quot;background_slideshow_slide_duration&quot;:5000,&quot;background_slideshow_slide_transition&quot;:&quot;fade&quot;,&quot;background_slideshow_transition_duration&quot;:500,&quot;background_slideshow_ken_burns_zoom_direction&quot;:&quot;in&quot;,&quot;background_motion_fx_devices&quot;:[&quot;desktop&quot;,&quot;tablet&quot;,&quot;mobile&quot;]}\">\n\t\t\t\t\t\t\t<div class=\"elementor-background-overlay\"><\/div>\n\t\t\t\t\t\t\t<div class=\"elementor-container elementor-column-gap-default\">\n\t\t\t\t\t<div class=\"elementor-column elementor-col-100 elementor-top-column elementor-element elementor-element-1bc3a15\" data-id=\"1bc3a15\" data-element_type=\"column\" data-e-type=\"column\">\n\t\t\t<div class=\"elementor-widget-wrap elementor-element-populated\">\n\t\t\t\t\t\t<div class=\"elementor-element elementor-element-3b6a379 elementor-invisible elementor-widget elementor-widget-heading\" data-id=\"3b6a379\" data-element_type=\"widget\" data-e-type=\"widget\" data-settings=\"{&quot;_animation&quot;:&quot;fadeInLeft&quot;}\" data-widget_type=\"heading.default\">\n\t\t\t\t<div class=\"elementor-widget-container\">\n\t\t\t\t\t<h1 class=\"elementor-heading-title elementor-size-default\">Request from<\/h1>\t\t\t\t<\/div>\n\t\t\t\t<\/div>\n\t\t\t\t\t<\/div>\n\t\t<\/div>\n\t\t\t\t\t<\/div>\n\t\t<\/section>\n\t\t\t\t<section class=\"elementor-section elementor-top-section elementor-element elementor-element-a352457 elementor-section-boxed elementor-section-height-default elementor-section-height-default\" data-id=\"a352457\" data-element_type=\"section\" data-e-type=\"section\">\n\t\t\t\t\t\t<div class=\"elementor-container elementor-column-gap-default\">\n\t\t\t\t\t<div class=\"elementor-column elementor-col-100 elementor-top-column elementor-element elementor-element-7d90c5e\" data-id=\"7d90c5e\" data-element_type=\"column\" data-e-type=\"column\">\n\t\t\t<div class=\"elementor-widget-wrap elementor-element-populated\">\n\t\t\t\t\t\t<div class=\"elementor-element elementor-element-9826a6b elementor-widget elementor-widget-shortcode\" data-id=\"9826a6b\" data-element_type=\"widget\" data-e-type=\"widget\" data-widget_type=\"shortcode.default\">\n\t\t\t\t<div class=\"elementor-widget-container\">\n\t\t\t\t\t\t\t<div class=\"elementor-shortcode\">\n                <div class='gf_browser_gecko gform_wrapper' id='gform_wrapper_96' ><form method='post' enctype='multipart\/form-data'  id='gform_96'  action='\/en\/wp-json\/wp\/v2\/pages\/5135'>\n                        <div class='gform_body'><ul id='gform_fields_96' class='gform_fields top_label form_sublabel_below description_below'><li id='field_96_1' class='gfield field_sublabel_below field_description_below' ><label class='gfield_label' for='input_96_1' >Choose your nearest Plasto office<\/label><div class='ginput_container ginput_container_select'><select name='input_1' id='input_96_1'  class='medium gfield_select' tabindex='1' ><option value='Choose your office' >Choose your office<\/option><option value='Main office' >Main office<\/option><option value='Mustam\u00e4e office' >Mustam\u00e4e office<\/option><option value='Lasnam\u00e4e office' >Lasnam\u00e4e office<\/option><option value='Tartu office' >Tartu office<\/option><option value='P\u00e4rnu office' >P\u00e4rnu office<\/option><option value='Rakvere office' >Rakvere office<\/option><option value='Haapsalu office' >Haapsalu office<\/option><option value='Viljandi office' >Viljandi office<\/option><option value='Saaremaa office' >Saaremaa office<\/option><option value='P\u00f5lva office' >P\u00f5lva office<\/option><option value='Paide office' >Paide office<\/option><option value='J\u00f5hvi office' >J\u00f5hvi office<\/option><option value='Narva distributor (Kolvex Grupp O\u00dc)' >Narva distributor (Kolvex Grupp O\u00dc)<\/option><option value='P\u00f5ltsamaa distributor (Matten O\u00dc)' >P\u00f5ltsamaa distributor (Matten O\u00dc)<\/option><option value='R\u00e4pina distributor (Kagu Express O\u00dc)' >R\u00e4pina distributor (Kagu Express O\u00dc)<\/option><option value='Project sales' >Project sales<\/option><\/select><\/div><\/li><li id='field_96_2' class='gfield field_sublabel_below field_description_below' ><label class='gfield_label' for='input_96_2' >Name<\/label><div class='ginput_container ginput_container_text'><input name='input_2' id='input_96_2' type='text' value='' class='medium'  tabindex='2'   \/><\/div><\/li><li id='field_96_3' class='gfield field_sublabel_below field_description_below' ><label class='gfield_label' for='input_96_3' >E-mail<\/label><div class='ginput_container ginput_container_email'>\n                            <input name='input_3' id='input_96_3' type='email' value='' class='medium' tabindex='3'   \/>\n                        <\/div><\/li><li id='field_96_4' class='gfield field_sublabel_below field_description_below' ><label class='gfield_label' for='input_96_4' >Address<\/label><div class='ginput_container ginput_container_text'><input name='input_4' id='input_96_4' type='text' value='' class='medium'  tabindex='4'   \/><\/div><\/li><li id='field_96_5' class='gfield field_sublabel_below field_description_below' ><label class='gfield_label' for='input_96_5' >Information<\/label><div class='ginput_container ginput_container_textarea'>\n\t\t\t\t\t<textarea name='input_5' id='input_96_5' class='textarea medium' tabindex='5'    rows='10' cols='50'><\/textarea>\n\t\t\t\t<\/div><\/li><li id='field_96_6' class='gfield field_sublabel_below field_description_below' ><label class='gfield_label' for='input_96_6' >Attach drawings\/pictures<\/label><div class='ginput_container ginput_container_fileupload'><input name='input_6' id='input_96_6' type='file' class='medium' aria-describedby='extensions_message' tabindex='6' \/><span id='extensions_message' class='screen-reader-text'><\/span><\/div><\/li>\n                            <\/ul><\/div>\n        <div class='gform_footer top_label'> <input type='submit' id='gform_submit_button_96' class='gform_button button' value='Send' tabindex='7' onclick='if(window[\"gf_submitting_96\"]){return false;}  if( !jQuery(\"#gform_96\")[0].checkValidity || jQuery(\"#gform_96\")[0].checkValidity()){window[\"gf_submitting_96\"]=true;}  ' \/> \n            <input type='hidden' class='gform_hidden' name='is_submit_96' value='1' \/>\n            <input type='hidden' class='gform_hidden' name='gform_submit' value='96' \/>\n            \n            <input type='hidden' class='gform_hidden' name='gform_unique_id' value='' \/>\n            <input type='hidden' class='gform_hidden' name='state_96' value='WyJbXSIsImI3YjU3NzEzZDg0MzVjYjBiNTVhOTc2YTIzN2MyZjczIl0=' \/>\n            <input type='hidden' class='gform_hidden' name='gform_target_page_number_96' id='gform_target_page_number_96' value='0' \/>\n            <input type='hidden' class='gform_hidden' name='gform_source_page_number_96' id='gform_source_page_number_96' value='1' \/>\n            <input type='hidden' name='gform_field_values' value='' \/>\n            \n        <\/div>\n                        <\/form>\n                        <\/div><script type='text\/javascript'> if(typeof gf_global == 'undefined') var gf_global = {\"gf_currency_config\":{\"name\":\"Euro\",\"symbol_left\":\"\",\"symbol_right\":\"&#8364;\",\"symbol_padding\":\" \",\"thousand_separator\":\".\",\"decimal_separator\":\",\",\"decimals\":2},\"base_url\":\"https:\\\/\\\/www.plasto.ee\\\/wp-content\\\/plugins\\\/gravityforms-diavled\",\"number_formats\":[],\"spinnerUrl\":\"https:\\\/\\\/www.plasto.ee\\\/wp-content\\\/plugins\\\/gravityforms-diavled\\\/images\\\/spinner.gif\"};jQuery(document).bind('gform_post_render', function(event, formId, currentPage){if(formId == 96) {} } );jQuery(document).bind('gform_post_conditional_logic', function(event, formId, fields, isInit){} );<\/script><script type='text\/javascript'> jQuery(document).ready(function(){jQuery(document).trigger('gform_post_render', [96, 1]) } ); <\/script><\/div>\n\t\t\t\t\t\t<\/div>\n\t\t\t\t<\/div>\n\t\t\t\t\t<\/div>\n\t\t<\/div>\n\t\t\t\t\t<\/div>\n\t\t<\/section>\n\t\t\t\t<\/div>\n\t\t","protected":false},"excerpt":{"rendered":"<p>Request from<\/p>\n","protected":false},"author":1,"featured_media":0,"parent":5141,"menu_order":0,"comment_status":"closed","ping_status":"closed","template":"elementor_header_footer","meta":{"footnotes":""},"class_list":["post-5135","page","type-page","status-publish","hentry"],"yoast_head":"<!-- This site is optimized with the Yoast SEO plugin v27.5 - https:\/\/yoast.com\/product\/yoast-seo-wordpress\/ -->\n<title>Special feature - Plasto<\/title>\n<meta name=\"robots\" content=\"index, follow, max-snippet:-1, max-image-preview:large, max-video-preview:-1\" \/>\n<link rel=\"canonical\" href=\"https:\/\/www.plasto.ee\/en\/request\/special-feature\/\" \/>\n<meta property=\"og:locale\" content=\"en_US\" \/>\n<meta property=\"og:type\" content=\"article\" \/>\n<meta property=\"og:title\" content=\"Special feature - Plasto\" \/>\n<meta property=\"og:description\" content=\"Request from\" \/>\n<meta property=\"og:url\" content=\"https:\/\/www.plasto.ee\/en\/request\/special-feature\/\" \/>\n<meta property=\"og:site_name\" content=\"Plasto\" \/>\n<meta property=\"article:modified_time\" content=\"2023-02-20T12:04:36+00:00\" \/>\n<meta property=\"og:image\" content=\"https:\/\/www.plasto.ee\/wp-content\/uploads\/2023\/03\/logo-plasto-1.png\" \/>\n\t<meta property=\"og:image:width\" content=\"793\" \/>\n\t<meta property=\"og:image:height\" content=\"189\" \/>\n\t<meta property=\"og:image:type\" content=\"image\/png\" \/>\n<meta name=\"twitter:card\" content=\"summary_large_image\" \/>\n<script type=\"application\/ld+json\" class=\"yoast-schema-graph\">{\"@context\":\"https:\\\/\\\/schema.org\",\"@graph\":[{\"@type\":\"WebPage\",\"@id\":\"https:\\\/\\\/www.plasto.ee\\\/en\\\/request\\\/special-feature\\\/\",\"url\":\"https:\\\/\\\/www.plasto.ee\\\/en\\\/request\\\/special-feature\\\/\",\"name\":\"Special feature - Plasto\",\"isPartOf\":{\"@id\":\"https:\\\/\\\/www.plasto.ee\\\/en\\\/#website\"},\"datePublished\":\"2022-07-05T14:14:09+00:00\",\"dateModified\":\"2023-02-20T12:04:36+00:00\",\"breadcrumb\":{\"@id\":\"https:\\\/\\\/www.plasto.ee\\\/en\\\/request\\\/special-feature\\\/#breadcrumb\"},\"inLanguage\":\"en-US\",\"potentialAction\":[{\"@type\":\"ReadAction\",\"target\":[\"https:\\\/\\\/www.plasto.ee\\\/en\\\/request\\\/special-feature\\\/\"]}]},{\"@type\":\"BreadcrumbList\",\"@id\":\"https:\\\/\\\/www.plasto.ee\\\/en\\\/request\\\/special-feature\\\/#breadcrumb\",\"itemListElement\":[{\"@type\":\"ListItem\",\"position\":1,\"name\":\"Home\",\"item\":\"https:\\\/\\\/www.plasto.ee\\\/en\\\/\"},{\"@type\":\"ListItem\",\"position\":2,\"name\":\"Request from\",\"item\":\"https:\\\/\\\/www.plasto.ee\\\/en\\\/request\\\/\"},{\"@type\":\"ListItem\",\"position\":3,\"name\":\"Special feature\"}]},{\"@type\":\"WebSite\",\"@id\":\"https:\\\/\\\/www.plasto.ee\\\/en\\\/#website\",\"url\":\"https:\\\/\\\/www.plasto.ee\\\/en\\\/\",\"name\":\"Plasto\",\"description\":\"Plasto aknad ja uksed\",\"publisher\":{\"@id\":\"https:\\\/\\\/www.plasto.ee\\\/en\\\/#organization\"},\"potentialAction\":[{\"@type\":\"SearchAction\",\"target\":{\"@type\":\"EntryPoint\",\"urlTemplate\":\"https:\\\/\\\/www.plasto.ee\\\/en\\\/?s={search_term_string}\"},\"query-input\":{\"@type\":\"PropertyValueSpecification\",\"valueRequired\":true,\"valueName\":\"search_term_string\"}}],\"inLanguage\":\"en-US\"},{\"@type\":\"Organization\",\"@id\":\"https:\\\/\\\/www.plasto.ee\\\/en\\\/#organization\",\"name\":\"Plasto\",\"url\":\"https:\\\/\\\/www.plasto.ee\\\/en\\\/\",\"logo\":{\"@type\":\"ImageObject\",\"inLanguage\":\"en-US\",\"@id\":\"https:\\\/\\\/www.plasto.ee\\\/en\\\/#\\\/schema\\\/logo\\\/image\\\/\",\"url\":\"http:\\\/\\\/www.plasto.ee\\\/wp-content\\\/uploads\\\/2023\\\/03\\\/logo-plasto-1.png\",\"contentUrl\":\"http:\\\/\\\/www.plasto.ee\\\/wp-content\\\/uploads\\\/2023\\\/03\\\/logo-plasto-1.png\",\"width\":793,\"height\":189,\"caption\":\"Plasto\"},\"image\":{\"@id\":\"https:\\\/\\\/www.plasto.ee\\\/en\\\/#\\\/schema\\\/logo\\\/image\\\/\"}}]}<\/script>\n<!-- \/ Yoast SEO plugin. -->","yoast_head_json":{"title":"Special feature - Plasto","robots":{"index":"index","follow":"follow","max-snippet":"max-snippet:-1","max-image-preview":"max-image-preview:large","max-video-preview":"max-video-preview:-1"},"canonical":"https:\/\/www.plasto.ee\/en\/request\/special-feature\/","og_locale":"en_US","og_type":"article","og_title":"Special feature - Plasto","og_description":"Request from","og_url":"https:\/\/www.plasto.ee\/en\/request\/special-feature\/","og_site_name":"Plasto","article_modified_time":"2023-02-20T12:04:36+00:00","og_image":[{"width":793,"height":189,"url":"https:\/\/www.plasto.ee\/wp-content\/uploads\/2023\/03\/logo-plasto-1.png","type":"image\/png"}],"twitter_card":"summary_large_image","schema":{"@context":"https:\/\/schema.org","@graph":[{"@type":"WebPage","@id":"https:\/\/www.plasto.ee\/en\/request\/special-feature\/","url":"https:\/\/www.plasto.ee\/en\/request\/special-feature\/","name":"Special feature - Plasto","isPartOf":{"@id":"https:\/\/www.plasto.ee\/en\/#website"},"datePublished":"2022-07-05T14:14:09+00:00","dateModified":"2023-02-20T12:04:36+00:00","breadcrumb":{"@id":"https:\/\/www.plasto.ee\/en\/request\/special-feature\/#breadcrumb"},"inLanguage":"en-US","potentialAction":[{"@type":"ReadAction","target":["https:\/\/www.plasto.ee\/en\/request\/special-feature\/"]}]},{"@type":"BreadcrumbList","@id":"https:\/\/www.plasto.ee\/en\/request\/special-feature\/#breadcrumb","itemListElement":[{"@type":"ListItem","position":1,"name":"Home","item":"https:\/\/www.plasto.ee\/en\/"},{"@type":"ListItem","position":2,"name":"Request from","item":"https:\/\/www.plasto.ee\/en\/request\/"},{"@type":"ListItem","position":3,"name":"Special feature"}]},{"@type":"WebSite","@id":"https:\/\/www.plasto.ee\/en\/#website","url":"https:\/\/www.plasto.ee\/en\/","name":"Plasto","description":"Plasto aknad ja uksed","publisher":{"@id":"https:\/\/www.plasto.ee\/en\/#organization"},"potentialAction":[{"@type":"SearchAction","target":{"@type":"EntryPoint","urlTemplate":"https:\/\/www.plasto.ee\/en\/?s={search_term_string}"},"query-input":{"@type":"PropertyValueSpecification","valueRequired":true,"valueName":"search_term_string"}}],"inLanguage":"en-US"},{"@type":"Organization","@id":"https:\/\/www.plasto.ee\/en\/#organization","name":"Plasto","url":"https:\/\/www.plasto.ee\/en\/","logo":{"@type":"ImageObject","inLanguage":"en-US","@id":"https:\/\/www.plasto.ee\/en\/#\/schema\/logo\/image\/","url":"http:\/\/www.plasto.ee\/wp-content\/uploads\/2023\/03\/logo-plasto-1.png","contentUrl":"http:\/\/www.plasto.ee\/wp-content\/uploads\/2023\/03\/logo-plasto-1.png","width":793,"height":189,"caption":"Plasto"},"image":{"@id":"https:\/\/www.plasto.ee\/en\/#\/schema\/logo\/image\/"}}]}},"_links":{"self":[{"href":"https:\/\/www.plasto.ee\/en\/wp-json\/wp\/v2\/pages\/5135","targetHints":{"allow":["GET"]}}],"collection":[{"href":"https:\/\/www.plasto.ee\/en\/wp-json\/wp\/v2\/pages"}],"about":[{"href":"https:\/\/www.plasto.ee\/en\/wp-json\/wp\/v2\/types\/page"}],"author":[{"embeddable":true,"href":"https:\/\/www.plasto.ee\/en\/wp-json\/wp\/v2\/users\/1"}],"replies":[{"embeddable":true,"href":"https:\/\/www.plasto.ee\/en\/wp-json\/wp\/v2\/comments?post=5135"}],"version-history":[{"count":5,"href":"https:\/\/www.plasto.ee\/en\/wp-json\/wp\/v2\/pages\/5135\/revisions"}],"predecessor-version":[{"id":6107,"href":"https:\/\/www.plasto.ee\/en\/wp-json\/wp\/v2\/pages\/5135\/revisions\/6107"}],"up":[{"embeddable":true,"href":"https:\/\/www.plasto.ee\/en\/wp-json\/wp\/v2\/pages\/5141"}],"wp:attachment":[{"href":"https:\/\/www.plasto.ee\/en\/wp-json\/wp\/v2\/media?parent=5135"}],"curies":[{"name":"wp","href":"https:\/\/api.w.org\/{rel}","templated":true}]}}